{"id":149,"date":"2026-03-14T20:03:47","date_gmt":"2026-03-14T19:03:47","guid":{"rendered":"http:\/\/localhost\/moneduccanin\/wordpress\/?post_type=product&#038;p=149"},"modified":"2026-03-14T20:56:19","modified_gmt":"2026-03-14T19:56:19","slug":"e-book-education-du-chiot-reeducation-du-chien","status":"publish","type":"product","link":"https:\/\/www.mon-educateur-canin.fr\/?product=e-book-education-du-chiot-reeducation-du-chien","title":{"rendered":"E-Book \u00c9ducation du chiot \/ R\u00e9\u00e9ducation du chien"},"content":{"rendered":"<p>\u00c9ducateur canin comportementaliste certifi\u00e9 depuis 1996, je souhaite aujourd\u2019hui partager avec vous mon exp\u00e9rience acquise au fil de mes ann\u00e9es de pratique et de terrain. Mes connaissances et mes m\u00e9thodes vont vous \u00e9viter de faire de nombreuses erreurs d\u2019\u00e9ducation et vont rendre votre chien heureux et \u00e9quilibr\u00e9.<\/p>\n<p>l\u2019ambition de faire table rase des id\u00e9es re\u00e7ues et de mettre au tapis les analyses et les th\u00e9ories farfelues. Avec cet ouvrage, je souhaite vous apporter toutes les r\u00e9ponses aux questions sur l\u2019\u00e9ducation de votre chien et ainsi lui offrir, via votre engagement, la meilleure vie possible.<\/p>\n<p>Au cours de votre lecture, vous d\u00e9couvrirez comment fonctionne votre chien et comment il \u00e9volue dans son environnement. Vous allez rep\u00e9rer les erreurs d\u2019\u00e9ducation et apprendre \u00e0 mettre en place les attitudes les plus justes. Vous allez sociabiliser votre chien et instaurer des r\u00e8gles.<\/p>\n<p>Ce livre a \u00e9t\u00e9 \u00e9crit pour offrir \u00e0 chaque ma\u00eetresse et ma\u00eetre d\u2019un chiot ou d\u2019un chien adulte une approche simple et coh\u00e9rente de l\u2019\u00e9ducation. \u00c0 la fin de votre lecture, votre intuition et votre bon sens seront devenues les boussoles les plus fiables pour transmettre \u00e0 votre fid\u00e8le complice du quotidien l\u2019apprentissage de la vie \u00e0 vos c\u00f4t\u00e9s.<\/p>\n<p>Il ne me reste que deux choses \u00e0 faire : vous souhaiter bonne lecture\u2026 et surtout vous souhaiter d\u2019\u00eatre heureux ensemble !<\/p>\n","protected":false},"excerpt":{"rendered":"<p>\u00c9ducateur canin comportementaliste certifi\u00e9 depuis 1996, l\u2019auteur partage son exp\u00e9rience et ses m\u00e9thodes afin d\u2019aider les propri\u00e9taires \u00e0 mieux comprendre et \u00e9duquer leur chien. Son objectif est de d\u00e9construire les id\u00e9es re\u00e7ues et de proposer une approche simple, concr\u00e8te et coh\u00e9rente de l\u2019\u00e9ducation canine. Le livre explique le comportement du chien, les erreurs d\u2019\u00e9ducation \u00e0 \u00e9viter et les bonnes attitudes \u00e0 adopter pour favoriser la sociabilisation, instaurer des r\u00e8gles et construire une relation \u00e9quilibr\u00e9e. \u00c0 travers cette lecture, chaque ma\u00eetre pourra d\u00e9velopper son intuition et son bon sens pour offrir \u00e0 son chien une vie harmonieuse \u00e0 ses c\u00f4t\u00e9s.<\/p>\n","protected":false},"featured_media":150,"comment_status":"open","ping_status":"closed","template":"","meta":[],"product_brand":[],"product_cat":[18],"product_tag":[],"class_list":{"0":"post-149","1":"product","2":"type-product","3":"status-publish","4":"has-post-thumbnail","6":"product_cat-e-book","8":"first","9":"instock","10":"sale","11":"downloadable","12":"shipping-taxable","13":"purchasable","14":"product-type-simple"},"yoast_head":"<!-- This site is optimized with the Yoast SEO plugin v27.5 - https:\/\/yoast.com\/product\/yoast-seo-wordpress\/ -->\n<title>E-Book \u00c9ducation du chiot \/ R\u00e9\u00e9ducation du chien - Mon \u00c9ducateur Canin du 91<\/title>\n<meta name=\"robots\" content=\"index, follow, max-snippet:-1, max-image-preview:large, max-video-preview:-1\" \/>\n<link rel=\"canonical\" href=\"https:\/\/www.mon-educateur-canin.fr\/?product=e-book-education-du-chiot-reeducation-du-chien\" \/>\n<meta property=\"og:locale\" content=\"fr_FR\" \/>\n<meta property=\"og:type\" content=\"article\" \/>\n<meta property=\"og:title\" content=\"E-Book \u00c9ducation du chiot \/ R\u00e9\u00e9ducation du chien - Mon \u00c9ducateur Canin du 91\" \/>\n<meta property=\"og:description\" content=\"\u00c9ducateur canin comportementaliste certifi\u00e9 depuis 1996, l\u2019auteur partage son exp\u00e9rience et ses m\u00e9thodes afin d\u2019aider les propri\u00e9taires \u00e0 mieux comprendre et \u00e9duquer leur chien. Son objectif est de d\u00e9construire les id\u00e9es re\u00e7ues et de proposer une approche simple, concr\u00e8te et coh\u00e9rente de l\u2019\u00e9ducation canine. Le livre explique le comportement du chien, les erreurs d\u2019\u00e9ducation \u00e0 \u00e9viter et les bonnes attitudes \u00e0 adopter pour favoriser la sociabilisation, instaurer des r\u00e8gles et construire une relation \u00e9quilibr\u00e9e. \u00c0 travers cette lecture, chaque ma\u00eetre pourra d\u00e9velopper son intuition et son bon sens pour offrir \u00e0 son chien une vie harmonieuse \u00e0 ses c\u00f4t\u00e9s.\" \/>\n<meta property=\"og:url\" content=\"https:\/\/www.mon-educateur-canin.fr\/?product=e-book-education-du-chiot-reeducation-du-chien\" \/>\n<meta property=\"og:site_name\" content=\"Mon \u00c9ducateur Canin du 91\" \/>\n<meta property=\"article:modified_time\" content=\"2026-03-14T19:56:19+00:00\" \/>\n<meta property=\"og:image\" content=\"https:\/\/www.mon-educateur-canin.fr\/wp-content\/uploads\/2026\/03\/mockup-e-book.jpg\" \/>\n\t<meta property=\"og:image:width\" content=\"2000\" \/>\n\t<meta property=\"og:image:height\" content=\"2000\" \/>\n\t<meta property=\"og:image:type\" content=\"image\/jpeg\" \/>\n<meta name=\"twitter:card\" content=\"summary_large_image\" \/>\n<meta name=\"twitter:label1\" content=\"Dur\u00e9e de lecture estim\u00e9e\" \/>\n\t<meta name=\"twitter:data1\" content=\"1 minute\" \/>\n<script type=\"application\/ld+json\" class=\"yoast-schema-graph\">{\"@context\":\"https:\\\/\\\/schema.org\",\"@graph\":[{\"@type\":\"WebPage\",\"@id\":\"https:\\\/\\\/www.mon-educateur-canin.fr\\\/?product=e-book-education-du-chiot-reeducation-du-chien\",\"url\":\"https:\\\/\\\/www.mon-educateur-canin.fr\\\/?product=e-book-education-du-chiot-reeducation-du-chien\",\"name\":\"E-Book \u00c9ducation du chiot \\\/ R\u00e9\u00e9ducation du chien - Mon \u00c9ducateur Canin du 91\",\"isPartOf\":{\"@id\":\"https:\\\/\\\/www.mon-educateur-canin.fr\\\/#website\"},\"primaryImageOfPage\":{\"@id\":\"https:\\\/\\\/www.mon-educateur-canin.fr\\\/?product=e-book-education-du-chiot-reeducation-du-chien#primaryimage\"},\"image\":{\"@id\":\"https:\\\/\\\/www.mon-educateur-canin.fr\\\/?product=e-book-education-du-chiot-reeducation-du-chien#primaryimage\"},\"thumbnailUrl\":\"https:\\\/\\\/www.mon-educateur-canin.fr\\\/wp-content\\\/uploads\\\/2026\\\/03\\\/mockup-e-book.jpg\",\"datePublished\":\"2026-03-14T19:03:47+00:00\",\"dateModified\":\"2026-03-14T19:56:19+00:00\",\"breadcrumb\":{\"@id\":\"https:\\\/\\\/www.mon-educateur-canin.fr\\\/?product=e-book-education-du-chiot-reeducation-du-chien#breadcrumb\"},\"inLanguage\":\"fr-FR\",\"potentialAction\":[{\"@type\":\"ReadAction\",\"target\":[\"https:\\\/\\\/www.mon-educateur-canin.fr\\\/?product=e-book-education-du-chiot-reeducation-du-chien\"]}]},{\"@type\":\"ImageObject\",\"inLanguage\":\"fr-FR\",\"@id\":\"https:\\\/\\\/www.mon-educateur-canin.fr\\\/?product=e-book-education-du-chiot-reeducation-du-chien#primaryimage\",\"url\":\"https:\\\/\\\/www.mon-educateur-canin.fr\\\/wp-content\\\/uploads\\\/2026\\\/03\\\/mockup-e-book.jpg\",\"contentUrl\":\"https:\\\/\\\/www.mon-educateur-canin.fr\\\/wp-content\\\/uploads\\\/2026\\\/03\\\/mockup-e-book.jpg\",\"width\":2000,\"height\":2000},{\"@type\":\"BreadcrumbList\",\"@id\":\"https:\\\/\\\/www.mon-educateur-canin.fr\\\/?product=e-book-education-du-chiot-reeducation-du-chien#breadcrumb\",\"itemListElement\":[{\"@type\":\"ListItem\",\"position\":1,\"name\":\"Accueil\",\"item\":\"https:\\\/\\\/www.mon-educateur-canin.fr\\\/\"},{\"@type\":\"ListItem\",\"position\":2,\"name\":\"Priv\u00e9\u00a0: Boutique\",\"item\":\"https:\\\/\\\/www.mon-educateur-canin.fr\\\/?page_id=144\"},{\"@type\":\"ListItem\",\"position\":3,\"name\":\"E-Book \u00c9ducation du chiot \\\/ R\u00e9\u00e9ducation du chien\"}]},{\"@type\":\"WebSite\",\"@id\":\"https:\\\/\\\/www.mon-educateur-canin.fr\\\/#website\",\"url\":\"https:\\\/\\\/www.mon-educateur-canin.fr\\\/\",\"name\":\"Mon \u00c9ducateur Canin du 91\",\"description\":\"\",\"publisher\":{\"@id\":\"https:\\\/\\\/www.mon-educateur-canin.fr\\\/#organization\"},\"potentialAction\":[{\"@type\":\"SearchAction\",\"target\":{\"@type\":\"EntryPoint\",\"urlTemplate\":\"https:\\\/\\\/www.mon-educateur-canin.fr\\\/?s={search_term_string}\"},\"query-input\":{\"@type\":\"PropertyValueSpecification\",\"valueRequired\":true,\"valueName\":\"search_term_string\"}}],\"inLanguage\":\"fr-FR\"},{\"@type\":\"Organization\",\"@id\":\"https:\\\/\\\/www.mon-educateur-canin.fr\\\/#organization\",\"name\":\"Mon \u00c9ducateur Canin du 91\",\"url\":\"https:\\\/\\\/www.mon-educateur-canin.fr\\\/\",\"logo\":{\"@type\":\"ImageObject\",\"inLanguage\":\"fr-FR\",\"@id\":\"https:\\\/\\\/www.mon-educateur-canin.fr\\\/#\\\/schema\\\/logo\\\/image\\\/\",\"url\":\"https:\\\/\\\/www.mon-educateur-canin.fr\\\/wp-content\\\/uploads\\\/2026\\\/03\\\/logo-educateur-canin-91-2.jpg\",\"contentUrl\":\"https:\\\/\\\/www.mon-educateur-canin.fr\\\/wp-content\\\/uploads\\\/2026\\\/03\\\/logo-educateur-canin-91-2.jpg\",\"width\":396,\"height\":250,\"caption\":\"Mon \u00c9ducateur Canin du 91\"},\"image\":{\"@id\":\"https:\\\/\\\/www.mon-educateur-canin.fr\\\/#\\\/schema\\\/logo\\\/image\\\/\"}}]}<\/script>\n<!-- \/ Yoast SEO plugin. -->","yoast_head_json":{"title":"E-Book \u00c9ducation du chiot \/ R\u00e9\u00e9ducation du chien - Mon \u00c9ducateur Canin du 91","robots":{"index":"index","follow":"follow","max-snippet":"max-snippet:-1","max-image-preview":"max-image-preview:large","max-video-preview":"max-video-preview:-1"},"canonical":"https:\/\/www.mon-educateur-canin.fr\/?product=e-book-education-du-chiot-reeducation-du-chien","og_locale":"fr_FR","og_type":"article","og_title":"E-Book \u00c9ducation du chiot \/ R\u00e9\u00e9ducation du chien - Mon \u00c9ducateur Canin du 91","og_description":"\u00c9ducateur canin comportementaliste certifi\u00e9 depuis 1996, l\u2019auteur partage son exp\u00e9rience et ses m\u00e9thodes afin d\u2019aider les propri\u00e9taires \u00e0 mieux comprendre et \u00e9duquer leur chien. Son objectif est de d\u00e9construire les id\u00e9es re\u00e7ues et de proposer une approche simple, concr\u00e8te et coh\u00e9rente de l\u2019\u00e9ducation canine. Le livre explique le comportement du chien, les erreurs d\u2019\u00e9ducation \u00e0 \u00e9viter et les bonnes attitudes \u00e0 adopter pour favoriser la sociabilisation, instaurer des r\u00e8gles et construire une relation \u00e9quilibr\u00e9e. \u00c0 travers cette lecture, chaque ma\u00eetre pourra d\u00e9velopper son intuition et son bon sens pour offrir \u00e0 son chien une vie harmonieuse \u00e0 ses c\u00f4t\u00e9s.","og_url":"https:\/\/www.mon-educateur-canin.fr\/?product=e-book-education-du-chiot-reeducation-du-chien","og_site_name":"Mon \u00c9ducateur Canin du 91","article_modified_time":"2026-03-14T19:56:19+00:00","og_image":[{"width":2000,"height":2000,"url":"https:\/\/www.mon-educateur-canin.fr\/wp-content\/uploads\/2026\/03\/mockup-e-book.jpg","type":"image\/jpeg"}],"twitter_card":"summary_large_image","twitter_misc":{"Dur\u00e9e de lecture estim\u00e9e":"1 minute"},"schema":{"@context":"https:\/\/schema.org","@graph":[{"@type":"WebPage","@id":"https:\/\/www.mon-educateur-canin.fr\/?product=e-book-education-du-chiot-reeducation-du-chien","url":"https:\/\/www.mon-educateur-canin.fr\/?product=e-book-education-du-chiot-reeducation-du-chien","name":"E-Book \u00c9ducation du chiot \/ R\u00e9\u00e9ducation du chien - Mon \u00c9ducateur Canin du 91","isPartOf":{"@id":"https:\/\/www.mon-educateur-canin.fr\/#website"},"primaryImageOfPage":{"@id":"https:\/\/www.mon-educateur-canin.fr\/?product=e-book-education-du-chiot-reeducation-du-chien#primaryimage"},"image":{"@id":"https:\/\/www.mon-educateur-canin.fr\/?product=e-book-education-du-chiot-reeducation-du-chien#primaryimage"},"thumbnailUrl":"https:\/\/www.mon-educateur-canin.fr\/wp-content\/uploads\/2026\/03\/mockup-e-book.jpg","datePublished":"2026-03-14T19:03:47+00:00","dateModified":"2026-03-14T19:56:19+00:00","breadcrumb":{"@id":"https:\/\/www.mon-educateur-canin.fr\/?product=e-book-education-du-chiot-reeducation-du-chien#breadcrumb"},"inLanguage":"fr-FR","potentialAction":[{"@type":"ReadAction","target":["https:\/\/www.mon-educateur-canin.fr\/?product=e-book-education-du-chiot-reeducation-du-chien"]}]},{"@type":"ImageObject","inLanguage":"fr-FR","@id":"https:\/\/www.mon-educateur-canin.fr\/?product=e-book-education-du-chiot-reeducation-du-chien#primaryimage","url":"https:\/\/www.mon-educateur-canin.fr\/wp-content\/uploads\/2026\/03\/mockup-e-book.jpg","contentUrl":"https:\/\/www.mon-educateur-canin.fr\/wp-content\/uploads\/2026\/03\/mockup-e-book.jpg","width":2000,"height":2000},{"@type":"BreadcrumbList","@id":"https:\/\/www.mon-educateur-canin.fr\/?product=e-book-education-du-chiot-reeducation-du-chien#breadcrumb","itemListElement":[{"@type":"ListItem","position":1,"name":"Accueil","item":"https:\/\/www.mon-educateur-canin.fr\/"},{"@type":"ListItem","position":2,"name":"Priv\u00e9\u00a0: Boutique","item":"https:\/\/www.mon-educateur-canin.fr\/?page_id=144"},{"@type":"ListItem","position":3,"name":"E-Book \u00c9ducation du chiot \/ R\u00e9\u00e9ducation du chien"}]},{"@type":"WebSite","@id":"https:\/\/www.mon-educateur-canin.fr\/#website","url":"https:\/\/www.mon-educateur-canin.fr\/","name":"Mon \u00c9ducateur Canin du 91","description":"","publisher":{"@id":"https:\/\/www.mon-educateur-canin.fr\/#organization"},"potentialAction":[{"@type":"SearchAction","target":{"@type":"EntryPoint","urlTemplate":"https:\/\/www.mon-educateur-canin.fr\/?s={search_term_string}"},"query-input":{"@type":"PropertyValueSpecification","valueRequired":true,"valueName":"search_term_string"}}],"inLanguage":"fr-FR"},{"@type":"Organization","@id":"https:\/\/www.mon-educateur-canin.fr\/#organization","name":"Mon \u00c9ducateur Canin du 91","url":"https:\/\/www.mon-educateur-canin.fr\/","logo":{"@type":"ImageObject","inLanguage":"fr-FR","@id":"https:\/\/www.mon-educateur-canin.fr\/#\/schema\/logo\/image\/","url":"https:\/\/www.mon-educateur-canin.fr\/wp-content\/uploads\/2026\/03\/logo-educateur-canin-91-2.jpg","contentUrl":"https:\/\/www.mon-educateur-canin.fr\/wp-content\/uploads\/2026\/03\/logo-educateur-canin-91-2.jpg","width":396,"height":250,"caption":"Mon \u00c9ducateur Canin du 91"},"image":{"@id":"https:\/\/www.mon-educateur-canin.fr\/#\/schema\/logo\/image\/"}}]}},"_links":{"self":[{"href":"https:\/\/www.mon-educateur-canin.fr\/index.php?rest_route=\/wp\/v2\/product\/149","targetHints":{"allow":["GET"]}}],"collection":[{"href":"https:\/\/www.mon-educateur-canin.fr\/index.php?rest_route=\/wp\/v2\/product"}],"about":[{"href":"https:\/\/www.mon-educateur-canin.fr\/index.php?rest_route=\/wp\/v2\/types\/product"}],"replies":[{"embeddable":true,"href":"https:\/\/www.mon-educateur-canin.fr\/index.php?rest_route=%2Fwp%2Fv2%2Fcomments&post=149"}],"wp:featuredmedia":[{"embeddable":true,"href":"https:\/\/www.mon-educateur-canin.fr\/index.php?rest_route=\/wp\/v2\/media\/150"}],"wp:attachment":[{"href":"https:\/\/www.mon-educateur-canin.fr\/index.php?rest_route=%2Fwp%2Fv2%2Fmedia&parent=149"}],"wp:term":[{"taxonomy":"product_brand","embeddable":true,"href":"https:\/\/www.mon-educateur-canin.fr\/index.php?rest_route=%2Fwp%2Fv2%2Fproduct_brand&post=149"},{"taxonomy":"product_cat","embeddable":true,"href":"https:\/\/www.mon-educateur-canin.fr\/index.php?rest_route=%2Fwp%2Fv2%2Fproduct_cat&post=149"},{"taxonomy":"product_tag","embeddable":true,"href":"https:\/\/www.mon-educateur-canin.fr\/index.php?rest_route=%2Fwp%2Fv2%2Fproduct_tag&post=149"}],"curies":[{"name":"wp","href":"https:\/\/api.w.org\/{rel}","templated":true}]}}