{"id":63,"date":"2018-01-29T07:42:32","date_gmt":"2018-01-29T07:42:32","guid":{"rendered":"http:\/\/winery.oxy.host\/?page_id=5"},"modified":"2026-03-16T16:01:56","modified_gmt":"2026-03-16T15:01:56","slug":"home","status":"publish","type":"page","link":"https:\/\/www.mon-educateur-canin.fr\/","title":{"rendered":"ACCUEIL"},"content":{"rendered":"","protected":false},"excerpt":{"rendered":"","protected":false},"author":1,"featured_media":0,"parent":0,"menu_order":0,"comment_status":"closed","ping_status":"closed","template":"","meta":{"footnotes":""},"class_list":["post-63","page","type-page","status-publish","hentry"],"yoast_head":"<!-- This site is optimized with the Yoast SEO plugin v27.5 - https:\/\/yoast.com\/product\/yoast-seo-wordpress\/ -->\n<title>Accueil - Mon \u00c9ducateur Canin du 91<\/title>\n<meta name=\"description\" content=\"Je suis comportementaliste \u00e9ducateur canin install\u00e9e en Essonne (91), mais je suis avant tout passionn\u00e9e par les chiens et leur univers.Je suis form\u00e9e pour vous d\u00e9crire la psychologie canine et vous fournir des conseils adapt\u00e9s et concrets permettant d\u2019obtenir les progr\u00e8s attendus dans le comportement et la relation avec votre animal.Un chien bien \u00e9duqu\u00e9 est un chien non craintif, sociable, indiff\u00e9rent, ob\u00e9issant, quels que soient le lieu et la situation.L\u2019ob\u00e9issance s\u2019obtient par la pratique de techniques qui permettront de faciliter l\u2019instauration des diff\u00e9rentes r\u00e8gles et d\u2019am\u00e9liorer la relation avec votre chien. Ces techniques n\u00e9cessitent de la patience, du travail et non de la passivit\u00e9.\" \/>\n<meta name=\"robots\" content=\"index, follow, max-snippet:-1, max-image-preview:large, max-video-preview:-1\" \/>\n<link rel=\"canonical\" href=\"https:\/\/www.mon-educateur-canin.fr\/\" \/>\n<meta property=\"og:locale\" content=\"fr_FR\" \/>\n<meta property=\"og:type\" content=\"article\" \/>\n<meta property=\"og:title\" content=\"Accueil - Mon \u00c9ducateur Canin du 91\" \/>\n<meta property=\"og:description\" content=\"Je suis comportementaliste \u00e9ducateur canin install\u00e9e en Essonne (91), mais je suis avant tout passionn\u00e9e par les chiens et leur univers.Je suis form\u00e9e pour vous d\u00e9crire la psychologie canine et vous fournir des conseils adapt\u00e9s et concrets permettant d\u2019obtenir les progr\u00e8s attendus dans le comportement et la relation avec votre animal.Un chien bien \u00e9duqu\u00e9 est un chien non craintif, sociable, indiff\u00e9rent, ob\u00e9issant, quels que soient le lieu et la situation.L\u2019ob\u00e9issance s\u2019obtient par la pratique de techniques qui permettront de faciliter l\u2019instauration des diff\u00e9rentes r\u00e8gles et d\u2019am\u00e9liorer la relation avec votre chien. Ces techniques n\u00e9cessitent de la patience, du travail et non de la passivit\u00e9.\" \/>\n<meta property=\"og:url\" content=\"https:\/\/www.mon-educateur-canin.fr\/\" \/>\n<meta property=\"og:site_name\" content=\"Mon \u00c9ducateur Canin du 91\" \/>\n<meta property=\"article:modified_time\" content=\"2026-03-16T15:01:56+00:00\" \/>\n<meta property=\"og:image\" content=\"https:\/\/www.mon-educateur-canin.fr\/wp-content\/uploads\/2026\/03\/image_2026-03-16_155958208.png\" \/>\n\t<meta property=\"og:image:width\" content=\"1838\" \/>\n\t<meta property=\"og:image:height\" content=\"878\" \/>\n\t<meta property=\"og:image:type\" content=\"image\/png\" \/>\n<meta name=\"twitter:card\" content=\"summary_large_image\" \/>\n<meta name=\"twitter:label1\" content=\"Dur\u00e9e de lecture estim\u00e9e\" \/>\n\t<meta name=\"twitter:data1\" content=\"4 minutes\" \/>\n<script type=\"application\/ld+json\" class=\"yoast-schema-graph\">{\"@context\":\"https:\\\/\\\/schema.org\",\"@graph\":[{\"@type\":\"WebPage\",\"@id\":\"https:\\\/\\\/www.mon-educateur-canin.fr\\\/\",\"url\":\"https:\\\/\\\/www.mon-educateur-canin.fr\\\/\",\"name\":\"Accueil - Mon \u00c9ducateur Canin du 91\",\"isPartOf\":{\"@id\":\"https:\\\/\\\/www.mon-educateur-canin.fr\\\/#website\"},\"datePublished\":\"2018-01-29T07:42:32+00:00\",\"dateModified\":\"2026-03-16T15:01:56+00:00\",\"description\":\"Je suis comportementaliste \u00e9ducateur canin install\u00e9e en Essonne (91), mais je suis avant tout passionn\u00e9e par les chiens et leur univers.Je suis form\u00e9e pour vous d\u00e9crire la psychologie canine et vous fournir des conseils adapt\u00e9s et concrets permettant d\u2019obtenir les progr\u00e8s attendus dans le comportement et la relation avec votre animal.Un chien bien \u00e9duqu\u00e9 est un chien non craintif, sociable, indiff\u00e9rent, ob\u00e9issant, quels que soient le lieu et la situation.L\u2019ob\u00e9issance s\u2019obtient par la pratique de techniques qui permettront de faciliter l\u2019instauration des diff\u00e9rentes r\u00e8gles et d\u2019am\u00e9liorer la relation avec votre chien. Ces techniques n\u00e9cessitent de la patience, du travail et non de la passivit\u00e9.\",\"breadcrumb\":{\"@id\":\"https:\\\/\\\/www.mon-educateur-canin.fr\\\/#breadcrumb\"},\"inLanguage\":\"fr-FR\",\"potentialAction\":[{\"@type\":\"ReadAction\",\"target\":[\"https:\\\/\\\/www.mon-educateur-canin.fr\\\/\"]}]},{\"@type\":\"BreadcrumbList\",\"@id\":\"https:\\\/\\\/www.mon-educateur-canin.fr\\\/#breadcrumb\",\"itemListElement\":[{\"@type\":\"ListItem\",\"position\":1,\"name\":\"Accueil\",\"item\":\"https:\\\/\\\/www.mon-educateur-canin.fr\\\/\"},{\"@type\":\"ListItem\",\"position\":2,\"name\":\"ACCUEIL\"}]},{\"@type\":\"WebSite\",\"@id\":\"https:\\\/\\\/www.mon-educateur-canin.fr\\\/#website\",\"url\":\"https:\\\/\\\/www.mon-educateur-canin.fr\\\/\",\"name\":\"Mon \u00c9ducateur Canin du 91\",\"description\":\"\",\"publisher\":{\"@id\":\"https:\\\/\\\/www.mon-educateur-canin.fr\\\/#organization\"},\"potentialAction\":[{\"@type\":\"SearchAction\",\"target\":{\"@type\":\"EntryPoint\",\"urlTemplate\":\"https:\\\/\\\/www.mon-educateur-canin.fr\\\/?s={search_term_string}\"},\"query-input\":{\"@type\":\"PropertyValueSpecification\",\"valueRequired\":true,\"valueName\":\"search_term_string\"}}],\"inLanguage\":\"fr-FR\"},{\"@type\":\"Organization\",\"@id\":\"https:\\\/\\\/www.mon-educateur-canin.fr\\\/#organization\",\"name\":\"Mon \u00c9ducateur Canin du 91\",\"url\":\"https:\\\/\\\/www.mon-educateur-canin.fr\\\/\",\"logo\":{\"@type\":\"ImageObject\",\"inLanguage\":\"fr-FR\",\"@id\":\"https:\\\/\\\/www.mon-educateur-canin.fr\\\/#\\\/schema\\\/logo\\\/image\\\/\",\"url\":\"https:\\\/\\\/www.mon-educateur-canin.fr\\\/wp-content\\\/uploads\\\/2026\\\/03\\\/logo-educateur-canin-91-2.jpg\",\"contentUrl\":\"https:\\\/\\\/www.mon-educateur-canin.fr\\\/wp-content\\\/uploads\\\/2026\\\/03\\\/logo-educateur-canin-91-2.jpg\",\"width\":396,\"height\":250,\"caption\":\"Mon \u00c9ducateur Canin du 91\"},\"image\":{\"@id\":\"https:\\\/\\\/www.mon-educateur-canin.fr\\\/#\\\/schema\\\/logo\\\/image\\\/\"}}]}<\/script>\n<!-- \/ Yoast SEO plugin. -->","yoast_head_json":{"title":"Accueil - Mon \u00c9ducateur Canin du 91","description":"Je suis comportementaliste \u00e9ducateur canin install\u00e9e en Essonne (91), mais je suis avant tout passionn\u00e9e par les chiens et leur univers.Je suis form\u00e9e pour vous d\u00e9crire la psychologie canine et vous fournir des conseils adapt\u00e9s et concrets permettant d\u2019obtenir les progr\u00e8s attendus dans le comportement et la relation avec votre animal.Un chien bien \u00e9duqu\u00e9 est un chien non craintif, sociable, indiff\u00e9rent, ob\u00e9issant, quels que soient le lieu et la situation.L\u2019ob\u00e9issance s\u2019obtient par la pratique de techniques qui permettront de faciliter l\u2019instauration des diff\u00e9rentes r\u00e8gles et d\u2019am\u00e9liorer la relation avec votre chien. Ces techniques n\u00e9cessitent de la patience, du travail et non de la passivit\u00e9.","robots":{"index":"index","follow":"follow","max-snippet":"max-snippet:-1","max-image-preview":"max-image-preview:large","max-video-preview":"max-video-preview:-1"},"canonical":"https:\/\/www.mon-educateur-canin.fr\/","og_locale":"fr_FR","og_type":"article","og_title":"Accueil - Mon \u00c9ducateur Canin du 91","og_description":"Je suis comportementaliste \u00e9ducateur canin install\u00e9e en Essonne (91), mais je suis avant tout passionn\u00e9e par les chiens et leur univers.Je suis form\u00e9e pour vous d\u00e9crire la psychologie canine et vous fournir des conseils adapt\u00e9s et concrets permettant d\u2019obtenir les progr\u00e8s attendus dans le comportement et la relation avec votre animal.Un chien bien \u00e9duqu\u00e9 est un chien non craintif, sociable, indiff\u00e9rent, ob\u00e9issant, quels que soient le lieu et la situation.L\u2019ob\u00e9issance s\u2019obtient par la pratique de techniques qui permettront de faciliter l\u2019instauration des diff\u00e9rentes r\u00e8gles et d\u2019am\u00e9liorer la relation avec votre chien. Ces techniques n\u00e9cessitent de la patience, du travail et non de la passivit\u00e9.","og_url":"https:\/\/www.mon-educateur-canin.fr\/","og_site_name":"Mon \u00c9ducateur Canin du 91","article_modified_time":"2026-03-16T15:01:56+00:00","og_image":[{"width":1838,"height":878,"url":"https:\/\/www.mon-educateur-canin.fr\/wp-content\/uploads\/2026\/03\/image_2026-03-16_155958208.png","type":"image\/png"}],"twitter_card":"summary_large_image","twitter_misc":{"Dur\u00e9e de lecture estim\u00e9e":"4 minutes"},"schema":{"@context":"https:\/\/schema.org","@graph":[{"@type":"WebPage","@id":"https:\/\/www.mon-educateur-canin.fr\/","url":"https:\/\/www.mon-educateur-canin.fr\/","name":"Accueil - Mon \u00c9ducateur Canin du 91","isPartOf":{"@id":"https:\/\/www.mon-educateur-canin.fr\/#website"},"datePublished":"2018-01-29T07:42:32+00:00","dateModified":"2026-03-16T15:01:56+00:00","description":"Je suis comportementaliste \u00e9ducateur canin install\u00e9e en Essonne (91), mais je suis avant tout passionn\u00e9e par les chiens et leur univers.Je suis form\u00e9e pour vous d\u00e9crire la psychologie canine et vous fournir des conseils adapt\u00e9s et concrets permettant d\u2019obtenir les progr\u00e8s attendus dans le comportement et la relation avec votre animal.Un chien bien \u00e9duqu\u00e9 est un chien non craintif, sociable, indiff\u00e9rent, ob\u00e9issant, quels que soient le lieu et la situation.L\u2019ob\u00e9issance s\u2019obtient par la pratique de techniques qui permettront de faciliter l\u2019instauration des diff\u00e9rentes r\u00e8gles et d\u2019am\u00e9liorer la relation avec votre chien. Ces techniques n\u00e9cessitent de la patience, du travail et non de la passivit\u00e9.","breadcrumb":{"@id":"https:\/\/www.mon-educateur-canin.fr\/#breadcrumb"},"inLanguage":"fr-FR","potentialAction":[{"@type":"ReadAction","target":["https:\/\/www.mon-educateur-canin.fr\/"]}]},{"@type":"BreadcrumbList","@id":"https:\/\/www.mon-educateur-canin.fr\/#breadcrumb","itemListElement":[{"@type":"ListItem","position":1,"name":"Accueil","item":"https:\/\/www.mon-educateur-canin.fr\/"},{"@type":"ListItem","position":2,"name":"ACCUEIL"}]},{"@type":"WebSite","@id":"https:\/\/www.mon-educateur-canin.fr\/#website","url":"https:\/\/www.mon-educateur-canin.fr\/","name":"Mon \u00c9ducateur Canin du 91","description":"","publisher":{"@id":"https:\/\/www.mon-educateur-canin.fr\/#organization"},"potentialAction":[{"@type":"SearchAction","target":{"@type":"EntryPoint","urlTemplate":"https:\/\/www.mon-educateur-canin.fr\/?s={search_term_string}"},"query-input":{"@type":"PropertyValueSpecification","valueRequired":true,"valueName":"search_term_string"}}],"inLanguage":"fr-FR"},{"@type":"Organization","@id":"https:\/\/www.mon-educateur-canin.fr\/#organization","name":"Mon \u00c9ducateur Canin du 91","url":"https:\/\/www.mon-educateur-canin.fr\/","logo":{"@type":"ImageObject","inLanguage":"fr-FR","@id":"https:\/\/www.mon-educateur-canin.fr\/#\/schema\/logo\/image\/","url":"https:\/\/www.mon-educateur-canin.fr\/wp-content\/uploads\/2026\/03\/logo-educateur-canin-91-2.jpg","contentUrl":"https:\/\/www.mon-educateur-canin.fr\/wp-content\/uploads\/2026\/03\/logo-educateur-canin-91-2.jpg","width":396,"height":250,"caption":"Mon \u00c9ducateur Canin du 91"},"image":{"@id":"https:\/\/www.mon-educateur-canin.fr\/#\/schema\/logo\/image\/"}}]}},"_links":{"self":[{"href":"https:\/\/www.mon-educateur-canin.fr\/index.php?rest_route=\/wp\/v2\/pages\/63","targetHints":{"allow":["GET"]}}],"collection":[{"href":"https:\/\/www.mon-educateur-canin.fr\/index.php?rest_route=\/wp\/v2\/pages"}],"about":[{"href":"https:\/\/www.mon-educateur-canin.fr\/index.php?rest_route=\/wp\/v2\/types\/page"}],"author":[{"embeddable":true,"href":"https:\/\/www.mon-educateur-canin.fr\/index.php?rest_route=\/wp\/v2\/users\/1"}],"replies":[{"embeddable":true,"href":"https:\/\/www.mon-educateur-canin.fr\/index.php?rest_route=%2Fwp%2Fv2%2Fcomments&post=63"}],"version-history":[{"count":2,"href":"https:\/\/www.mon-educateur-canin.fr\/index.php?rest_route=\/wp\/v2\/pages\/63\/revisions"}],"predecessor-version":[{"id":83,"href":"https:\/\/www.mon-educateur-canin.fr\/index.php?rest_route=\/wp\/v2\/pages\/63\/revisions\/83"}],"wp:attachment":[{"href":"https:\/\/www.mon-educateur-canin.fr\/index.php?rest_route=%2Fwp%2Fv2%2Fmedia&parent=63"}],"curies":[{"name":"wp","href":"https:\/\/api.w.org\/{rel}","templated":true}]}}